{"id":53,"date":"2016-06-14T22:00:31","date_gmt":"2016-06-14T22:00:31","guid":{"rendered":"http:\/\/new.diezer-tsk-oranien.de\/?page_id=53"},"modified":"2026-04-09T14:33:27","modified_gmt":"2026-04-09T12:33:27","slug":"impressum","status":"publish","type":"page","link":"https:\/\/www.diezer-tsk-oranien.de\/?page_id=53","title":{"rendered":"Impressum"},"content":{"rendered":"<p>Diezer TSK Oranien e.V<\/p>\n<p><strong>1. Vorsitzender<\/strong><\/p>\n<p>Matthias Zimmermann<br data-rich-text-line-break=\"true\" \/>Birlenbacher Str. 5<br data-rich-text-line-break=\"true\" \/>65626 Fachingen<br data-rich-text-line-break=\"true\" \/>Tel.: 0160\/97342318<br data-rich-text-line-break=\"true\" \/>E-Mail: <a href=\"mailto:zimmermann.tsk@web.de\">zimmermann.tsk@web.de<\/a><\/p>\n<p><strong>Stellvertretender Vorsitzender:<\/strong><\/p>\n<p>Holger Schneider-Achenbach<br \/>\nDiezer Str. 24<br \/>\n65626 Fachingen<br \/>\nTel.: 0151\/52516975<br \/>\nE-Mail:\u00a0<a href=\"mailto:Geschaeftsfuehrer@diezer-tsk-oranien.de\">Geschaeftsfuehrer@diezer-tsk-oranien.de<\/a><\/p>\n<p>Registergericht: Amtsgericht Montabaur<\/p>\n<p>Vereinsregisternummer: VR 1977<\/p>\n<p>Texte, Abbildungen und Programme wurden mit gr\u00f6\u00dfter Sorgfalt erarbeitet. Der Webmaster kann jedoch f\u00fcr eventuell verbliebene fehlerhafte Angaben und deren Folgen weder eine juristische Verantwortung noch irgendeine Haftung \u00fcbernehmen.<br \/>\nKein Teil dieser Pr\u00e4sentation darf ohne schriftliche Genehmigung des Webmasters in irgendeiner Form reproduziert werden.<br \/>\nDer Webmaster \u00fcbernimmt keine Haftung f\u00fcr die Richtigkeit der Inhalte eingesandter Manuskripte.<br \/>\nSchreibfehler und Irrt\u00fcmer vorbehalten.<\/p>\n<h3>Rechtliche Hinweise:<\/h3>\n<p>Die Internet-Seite des Diezer TSK Oranien e.V kann ohne Wissen des Vereins von einer anderen Web-Seite mittels Hyperlinks angelinkt worden sein. Der Verein \u00fcbernimmt keine Verantwortung f\u00fcr Inhalt, Darstellung oder irgendeine Verbindung zum Diezer TSK Oranien e.V in Web-Seiten Dritter.<br \/>\nDie Nutzung eines Links von dieser Web-Seite zu der Web-Seite eines Dritten f\u00fchrt zum Verlassen der Web-Seite des Diezer TSK Oranien e.V und erfolgt auf Verantwortung des Benutzers. Der Verein hat nicht alle Web-Seiten Dritter kontrolliert und \u00fcbernimmt f\u00fcr die dort vorgefundenen Inhalte keinerlei Haftung. Dies gilt ebenso f\u00fcr alle Ergebnisse, die durch die Benutzung von Web-Seiten Dritter erlangt werden k\u00f6nnen. Die Inhalte dieser Web-Seite d\u00fcrfen ohne vorherige schriftliche Zustimmung nicht ver\u00e4ndert und nicht f\u00fcr \u00f6ffentliche oder kommerzielle Zwecke vervielf\u00e4ltigt, vorgef\u00fchrt, verbreitet oder anderweitig verwertet werden. Die auf dieser Web-Seite enthaltenen Inhalte sind urheberrechtlich gesch\u00fctzt. Alle Rechte sind vorbehalten.<br \/>\nAlle in dieser Web-Seite erw\u00e4hnten Produkt- und Firmennamen sind Marken bzw. gesetzlich gesch\u00fctzte Warenzeichen der jeweiligen Eigent\u00fcmer.<\/p>\n<h3>Erkl\u00e4rung:<\/h3>\n<p>Mit Urteil vom 12. Mai 1998 hat das Landgericht Hamburg entschieden, dass man durch die Ausbringung eines Links die Inhalte der gelinkten Seite ggf. mit zu verantworten hat. Dies kann &#8211; so das LG &#8211; nur dadurch verhindert werden, dass man sich ausdr\u00fccklich von diesen Inhalten distanziert. Wir haben auf dieser Seite Links zu anderen Seiten im Internet gelegt. F\u00fcr alle Links gilt: Wir m\u00f6chten ausdr\u00fccklich betonen, dass wir keinerlei Einfluss auf die Gestaltung und die Inhalte der gelinkten Seiten haben. Deshalb distanzieren wir uns hiermit ausdr\u00fccklich von allen Inhalten aller gelinkten Seiten auf dieser Homepage und wir machen uns ihre Inhalte nicht zueigen. Diese Erkl\u00e4rung gilt f\u00fcr alle auf unserer Homepage und den dazugeh\u00f6rigen Seiten ausgebrachten Links.<\/p>\n","protected":false},"excerpt":{"rendered":"<p>Diezer TSK Oranien e.V 1. Vorsitzender Matthias ZimmermannBirlenbacher Str. 565626 FachingenTel.: 0160\/97342318E-Mail: zimmermann.tsk@web.de Stellvertretender Vorsitzender: Holger Schneider-Achenbach Diezer Str. 24 65626 Fachingen Tel.: 0151\/52516975 E-Mail:\u00a0Geschaeftsfuehrer@diezer-tsk-oranien.de Registergericht: Amtsgericht Montabaur Vereinsregisternummer: VR 1977 Texte, Abbildungen und Programme wurden mit gr\u00f6\u00dfter Sorgfalt erarbeitet. Der Webmaster kann jedoch f\u00fcr eventuell verbliebene fehlerhafte Angaben und deren Folgen weder eine juristische [&hellip;]<\/p>\n","protected":false},"author":3,"featured_media":0,"parent":0,"menu_order":0,"comment_status":"closed","ping_status":"closed","template":"","meta":{"footnotes":""},"class_list":["post-53","page","type-page","status-publish","hentry"],"_links":{"self":[{"href":"https:\/\/www.diezer-tsk-oranien.de\/index.php?rest_route=\/wp\/v2\/pages\/53","targetHints":{"allow":["GET"]}}],"collection":[{"href":"https:\/\/www.diezer-tsk-oranien.de\/index.php?rest_route=\/wp\/v2\/pages"}],"about":[{"href":"https:\/\/www.diezer-tsk-oranien.de\/index.php?rest_route=\/wp\/v2\/types\/page"}],"author":[{"embeddable":true,"href":"https:\/\/www.diezer-tsk-oranien.de\/index.php?rest_route=\/wp\/v2\/users\/3"}],"replies":[{"embeddable":true,"href":"https:\/\/www.diezer-tsk-oranien.de\/index.php?rest_route=%2Fwp%2Fv2%2Fcomments&post=53"}],"version-history":[{"count":14,"href":"https:\/\/www.diezer-tsk-oranien.de\/index.php?rest_route=\/wp\/v2\/pages\/53\/revisions"}],"predecessor-version":[{"id":1814,"href":"https:\/\/www.diezer-tsk-oranien.de\/index.php?rest_route=\/wp\/v2\/pages\/53\/revisions\/1814"}],"wp:attachment":[{"href":"https:\/\/www.diezer-tsk-oranien.de\/index.php?rest_route=%2Fwp%2Fv2%2Fmedia&parent=53"}],"curies":[{"name":"wp","href":"https:\/\/api.w.org\/{rel}","templated":true}]}}