{"id":36,"date":"2016-06-13T23:26:12","date_gmt":"2016-06-13T21:26:12","guid":{"rendered":"http:\/\/new.diezer-tsk-oranien.de\/?page_id=36"},"modified":"2023-11-05T19:31:40","modified_gmt":"2023-11-05T17:31:40","slug":"kinder-und-geraetturnen","status":"publish","type":"page","link":"https:\/\/www.diezer-tsk-oranien.de\/?page_id=36","title":{"rendered":"Ger\u00e4t- und Kinderturnen"},"content":{"rendered":"<h2>Trainingszeiten<\/h2>\n<p><strong>Allgemeines Turnen f\u00fcr Kinder in der <a href=\"http:\/\/www.diezer-tsk-oranien.de\/?page_id=141\">Turnhalle der Realschule<\/a><\/strong><\/p>\n<p>Alter ca. 4 bis 6 Jahre freitags von 15.30 bis 16.30 Uhr <\/p>\n<p>Alter ab 7 Jahren freitags von 16.30 bis 18.00 Uhr<\/p>\n<p>Leitung: Lydia Sawatzki, Telefon: 06432 \u2013 4027<\/p>\n<p><strong>Ger\u00e4tturnen f\u00fcr M\u00e4dchen ab ca. 6 Jahre (Leistungsturnen, Nachwuchsgruppe)<\/strong><\/p>\n<p>Montags von 17.00 bis 19.00 Uhr in der Sporthalle der <a href=\"http:\/\/www.diezer-tsk-oranien.de\/?page_id=141\">Zentralen Sportanlage in Diez<\/a><\/p>\n<p>Freitags von 15.30 bis 18.00 Uhr in der <a href=\"http:\/\/www.diezer-tsk-oranien.de\/?page_id=141\">Sporthalle des Gymnasiums Diez<\/a><\/p>\n<p>Leitung: Alisa Lenau<\/p>\n<p>\u00a0<\/p>\n<p><b>Ger\u00e4tturnen f\u00fcr M\u00e4dchen ab ca. 11 Jahre (Leistungsturnen):<\/b><\/p>\n<p>Montags von 17.00 bis 19.00 Uhr in der Sporthalle der Zentralen Sportanlage in Diez<\/p>\n<p>Mittwochs von 17.00 bis 19.30 Uhr (Sommer) bzw 18.15 bis 20.00 Uhr (Winter) in der Sporthalle des Gymnasiums Diez<\/p>\n<p>Freitags von 15.30 bis 18.00 Uhr in der Sporthalle des Gymnasiums Diez<\/p>\n<p>Leitung: Ulrike B\u00f6hm, Dr. J\u00fcrgen B\u00f6hm<\/p>\n<p>\u00a0<\/p>\n<h2>Abteilungsleiter<\/h2>\n<p>Dr. J\u00fcrgen B\u00f6hm<\/p>\n<p>E-Mail : <a href=\"mailto:turnen@diezer-tsk-oranien.de\">turnen@diezer-tsk-oranien.de<\/a><\/p>\n<p>\u00a0<\/p>\n\n\n<p><\/p>\n","protected":false},"excerpt":{"rendered":"<p>Trainingszeiten Allgemeines Turnen f\u00fcr Kinder in der Turnhalle der Realschule Alter ca. 4 bis 6 Jahre freitags von 15.30 bis 16.30 Uhr Alter ab 7 Jahren freitags von 16.30 bis 18.00 Uhr Leitung: Lydia Sawatzki, Telefon: 06432 \u2013 4027 Ger\u00e4tturnen f\u00fcr M\u00e4dchen ab ca. 6 Jahre (Leistungsturnen, Nachwuchsgruppe) Montags von 17.00 bis 19.00 Uhr in [&hellip;]<\/p>\n","protected":false},"author":3,"featured_media":0,"parent":9,"menu_order":0,"comment_status":"closed","ping_status":"closed","template":"page-templates\/right-sidebar.php","meta":{"footnotes":""},"class_list":["post-36","page","type-page","status-publish","hentry"],"_links":{"self":[{"href":"https:\/\/www.diezer-tsk-oranien.de\/index.php?rest_route=\/wp\/v2\/pages\/36","targetHints":{"allow":["GET"]}}],"collection":[{"href":"https:\/\/www.diezer-tsk-oranien.de\/index.php?rest_route=\/wp\/v2\/pages"}],"about":[{"href":"https:\/\/www.diezer-tsk-oranien.de\/index.php?rest_route=\/wp\/v2\/types\/page"}],"author":[{"embeddable":true,"href":"https:\/\/www.diezer-tsk-oranien.de\/index.php?rest_route=\/wp\/v2\/users\/3"}],"replies":[{"embeddable":true,"href":"https:\/\/www.diezer-tsk-oranien.de\/index.php?rest_route=%2Fwp%2Fv2%2Fcomments&post=36"}],"version-history":[{"count":36,"href":"https:\/\/www.diezer-tsk-oranien.de\/index.php?rest_route=\/wp\/v2\/pages\/36\/revisions"}],"predecessor-version":[{"id":1763,"href":"https:\/\/www.diezer-tsk-oranien.de\/index.php?rest_route=\/wp\/v2\/pages\/36\/revisions\/1763"}],"up":[{"embeddable":true,"href":"https:\/\/www.diezer-tsk-oranien.de\/index.php?rest_route=\/wp\/v2\/pages\/9"}],"wp:attachment":[{"href":"https:\/\/www.diezer-tsk-oranien.de\/index.php?rest_route=%2Fwp%2Fv2%2Fmedia&parent=36"}],"curies":[{"name":"wp","href":"https:\/\/api.w.org\/{rel}","templated":true}]}}