{"id":16,"date":"2016-06-13T21:06:18","date_gmt":"2016-06-13T21:06:18","guid":{"rendered":"http:\/\/new.diezer-tsk-oranien.de\/?page_id=16"},"modified":"2023-11-06T18:56:46","modified_gmt":"2023-11-06T16:56:46","slug":"badminton","status":"publish","type":"page","link":"https:\/\/www.diezer-tsk-oranien.de\/?page_id=16","title":{"rendered":"Badminton"},"content":{"rendered":"<h2>Trainingszeiten<\/h2>\n<p><strong><u>Erwachsene :<\/u><\/strong><\/p>\n<p>Montag : 20.00 &#8211; 21.45 Uhr<\/p>\n<p>Donnerstag : 20.00 &#8211; 21.45 Uhr<\/p>\n<p>Alle Trainings der Badmintonabteilung finden in der Halle der Theodissa Realschule plus Diez statt.<\/p>\n<p><strong>\u00a0<\/strong><\/p>\n<h2>Abteilungsleiterin<\/h2>\n<p>Andrea Bauer, Steubingstr. 20, 65582 Diez<\/p>\n<p>Tel.: 06432 \/ 2872<\/p>\n<p>E-Mail: <a href=\"mailto:Badminton@diezer-tsk-oranien.de\">Badminton@diezer-tsk-oranien.de<\/a><\/p>\n<h2>Wir \u00fcber uns<\/h2>\n<p>Wir begr\u00fc\u00dfen alle Sportbegeisterten, die unsere neue Homepage besuchen.<br \/>\nWir sind die Abteilung Badminton des &#8222;Diezer TSK Oranien&#8220;.<br \/>\nWir sind eine gemischte Gruppe, die Spa\u00df am Badminton spielen hat, egal ob im Einzel oder Doppel. Der Spa\u00df steht bei uns im Vordergrund, sodass man sich immer auf das n\u00e4chste Spiel freuen kann. Das Alter bel\u00e4uft sich zwischen 15 und 66 Jahren.<br \/>\nUnser lustiger Trupp besteht momentan aus 36 Mitgliedern, wobei wir ein kleine Gruppe Jugendlicher haben.<\/p>\n<p>Gespielt wird in der Turnhalle der Theodissa Realschule plus Diez jeweils montags und donnerstags. Wir haben 4 Spielfelder, man kann sich also richtig austoben.<br \/>\nAb und zu machen wir auch gemeinsame Aktionen wie Grillen, Wandern, Eisessen oder Weihnachtsfeier.<br \/>\nSportbegeisterte, die vorbeikommen, werden gleich zum Spielen eingeladen.<br \/>\nAlso, wer Lust hat sich dem schnellen Sport mit dem noch schnelleren Ball zu stellen: Einfach vorbeikommen! Alles andere findet sich.<br \/>\nWir freuen uns auf Euch.<\/p>\n<p><img loading=\"lazy\" decoding=\"async\" class=\"alignnone size-medium wp-image-300\" src=\"http:\/\/new.diezer-tsk-oranien.de\/wp-content\/uploads\/2016\/07\/jugend_badminton-225x300.jpg\" alt=\"jugend_badminton\" width=\"225\" height=\"300\" srcset=\"https:\/\/www.diezer-tsk-oranien.de\/wp-content\/uploads\/2016\/07\/jugend_badminton-225x300.jpg 225w, https:\/\/www.diezer-tsk-oranien.de\/wp-content\/uploads\/2016\/07\/jugend_badminton-768x1024.jpg 768w, https:\/\/www.diezer-tsk-oranien.de\/wp-content\/uploads\/2016\/07\/jugend_badminton-113x150.jpg 113w, https:\/\/www.diezer-tsk-oranien.de\/wp-content\/uploads\/2016\/07\/jugend_badminton.jpg 1200w\" sizes=\"auto, (max-width: 225px) 100vw, 225px\" \/><img loading=\"lazy\" decoding=\"async\" class=\"alignnone size-medium wp-image-301\" src=\"http:\/\/new.diezer-tsk-oranien.de\/wp-content\/uploads\/2016\/07\/Erwachsene_badminton-300x225.jpg\" alt=\"Erwachsene_badminton\" width=\"300\" height=\"225\" srcset=\"https:\/\/www.diezer-tsk-oranien.de\/wp-content\/uploads\/2016\/07\/Erwachsene_badminton-300x225.jpg 300w, https:\/\/www.diezer-tsk-oranien.de\/wp-content\/uploads\/2016\/07\/Erwachsene_badminton-768x576.jpg 768w, https:\/\/www.diezer-tsk-oranien.de\/wp-content\/uploads\/2016\/07\/Erwachsene_badminton-1024x768.jpg 1024w, https:\/\/www.diezer-tsk-oranien.de\/wp-content\/uploads\/2016\/07\/Erwachsene_badminton-200x150.jpg 200w, https:\/\/www.diezer-tsk-oranien.de\/wp-content\/uploads\/2016\/07\/Erwachsene_badminton.jpg 1600w\" sizes=\"auto, (max-width: 300px) 100vw, 300px\" \/><\/p>\n<p><span style=\"color: #ff0000;\"><strong>\u00a0<\/strong><\/span><\/p>\n<p><span style=\"color: #ff0000;\">\u00a0<\/span><\/p>\n","protected":false},"excerpt":{"rendered":"<p>Trainingszeiten Erwachsene : Montag : 20.00 &#8211; 21.45 Uhr Donnerstag : 20.00 &#8211; 21.45 Uhr Alle Trainings der Badmintonabteilung finden in der Halle der Theodissa Realschule plus Diez statt. \u00a0 Abteilungsleiterin Andrea Bauer, Steubingstr. 20, 65582 Diez Tel.: 06432 \/ 2872 E-Mail: Badminton@diezer-tsk-oranien.de Wir \u00fcber uns Wir begr\u00fc\u00dfen alle Sportbegeisterten, die unsere neue Homepage besuchen. [&hellip;]<\/p>\n","protected":false},"author":3,"featured_media":0,"parent":9,"menu_order":0,"comment_status":"closed","ping_status":"closed","template":"page-templates\/right-sidebar.php","meta":{"footnotes":""},"class_list":["post-16","page","type-page","status-publish","hentry"],"_links":{"self":[{"href":"https:\/\/www.diezer-tsk-oranien.de\/index.php?rest_route=\/wp\/v2\/pages\/16","targetHints":{"allow":["GET"]}}],"collection":[{"href":"https:\/\/www.diezer-tsk-oranien.de\/index.php?rest_route=\/wp\/v2\/pages"}],"about":[{"href":"https:\/\/www.diezer-tsk-oranien.de\/index.php?rest_route=\/wp\/v2\/types\/page"}],"author":[{"embeddable":true,"href":"https:\/\/www.diezer-tsk-oranien.de\/index.php?rest_route=\/wp\/v2\/users\/3"}],"replies":[{"embeddable":true,"href":"https:\/\/www.diezer-tsk-oranien.de\/index.php?rest_route=%2Fwp%2Fv2%2Fcomments&post=16"}],"version-history":[{"count":26,"href":"https:\/\/www.diezer-tsk-oranien.de\/index.php?rest_route=\/wp\/v2\/pages\/16\/revisions"}],"predecessor-version":[{"id":1770,"href":"https:\/\/www.diezer-tsk-oranien.de\/index.php?rest_route=\/wp\/v2\/pages\/16\/revisions\/1770"}],"up":[{"embeddable":true,"href":"https:\/\/www.diezer-tsk-oranien.de\/index.php?rest_route=\/wp\/v2\/pages\/9"}],"wp:attachment":[{"href":"https:\/\/www.diezer-tsk-oranien.de\/index.php?rest_route=%2Fwp%2Fv2%2Fmedia&parent=16"}],"curies":[{"name":"wp","href":"https:\/\/api.w.org\/{rel}","templated":true}]}}